{"id":331,"date":"2019-08-03T19:14:02","date_gmt":"2019-08-03T17:14:02","guid":{"rendered":"http:\/\/www.mc-triton.cz\/?page_id=331"},"modified":"2024-11-27T11:11:12","modified_gmt":"2024-11-27T10:11:12","slug":"nas-pribeh","status":"publish","type":"page","link":"https:\/\/mc-triton.cz\/en\/nas-pribeh\/","title":{"rendered":"About us"},"content":{"rendered":"<div data-elementor-type=\"wp-post\" data-elementor-id=\"331\" class=\"elementor elementor-331\" data-elementor-post-type=\"page\">\n\t\t\t\t\t\t<section class=\"has_eae_slider elementor-section elementor-top-section elementor-element elementor-element-bf640a6 elementor-reverse-mobile elementor-section-height-min-height elementor-section-boxed ang-section-padding-initial elementor-section-height-default elementor-section-items-middle elementor-repeater-item-none elementor-repeater-item-none_hover\" data-eae-slider=\"29121\" data-id=\"bf640a6\" data-element_type=\"section\" data-e-type=\"section\" data-settings=\"{&quot;background_background&quot;:&quot;classic&quot;}\">\n\t\t\t\t\t\t\t<div class=\"elementor-background-overlay\"><\/div>\n\t\t\t\t\t\t\t<div class=\"elementor-container elementor-column-gap-default\">\n\t\t\t\t\t<div class=\"has_eae_slider elementor-column elementor-col-100 elementor-top-column elementor-element elementor-element-7145225 elementor-repeater-item-none elementor-repeater-item-none_hover\" data-eae-slider=\"39421\" data-id=\"7145225\" data-element_type=\"column\" data-e-type=\"column\">\n\t\t\t<div class=\"elementor-widget-wrap elementor-element-populated\">\n\t\t\t\t\t\t<div class=\"elementor-element elementor-element-ba629ae elementor-repeater-item-none elementor-repeater-item-none_hover elementor-widget elementor-widget-heading\" data-id=\"ba629ae\" data-element_type=\"widget\" data-e-type=\"widget\" data-widget_type=\"heading.default\">\n\t\t\t\t<div class=\"elementor-widget-container\">\n\t\t\t\t\t<h1 class=\"elementor-heading-title elementor-size-large\">Our vision is a business group\u2026<\/h1>\t\t\t\t<\/div>\n\t\t\t\t<\/div>\n\t\t\t\t<div class=\"elementor-element elementor-element-f42fccd elementor-repeater-item-none elementor-repeater-item-none_hover elementor-widget elementor-widget-text-editor\" data-id=\"f42fccd\" data-element_type=\"widget\" data-e-type=\"widget\" data-widget_type=\"text-editor.default\">\n\t\t\t\t<div class=\"elementor-widget-container\">\n\t\t\t\t\t\t\t\t\t<p>\u2026not only of holding companies, but also a world of individuals with shared interests and values.\u00a0<\/p>\t\t\t\t\t\t\t\t<\/div>\n\t\t\t\t<\/div>\n\t\t\t\t\t<\/div>\n\t\t<\/div>\n\t\t\t\t\t<\/div>\n\t\t<\/section>\n\t\t\t\t<section class=\"has_eae_slider elementor-section elementor-top-section elementor-element elementor-element-1ad2772 elementor-section-boxed ang-section-padding-initial elementor-section-height-default elementor-section-height-default elementor-repeater-item-none elementor-repeater-item-none_hover\" data-eae-slider=\"98653\" data-id=\"1ad2772\" data-element_type=\"section\" data-e-type=\"section\">\n\t\t\t\t\t\t<div class=\"elementor-container elementor-column-gap-default\">\n\t\t\t\t\t<div class=\"has_eae_slider elementor-column elementor-col-100 elementor-top-column elementor-element elementor-element-b40105f elementor-repeater-item-none elementor-repeater-item-none_hover\" data-eae-slider=\"54813\" data-id=\"b40105f\" data-element_type=\"column\" data-e-type=\"column\">\n\t\t\t<div class=\"elementor-widget-wrap elementor-element-populated\">\n\t\t\t\t\t\t<div class=\"elementor-element elementor-element-f567f8d elementor-repeater-item-none elementor-repeater-item-none_hover elementor-widget elementor-widget-text-editor\" data-id=\"f567f8d\" data-element_type=\"widget\" data-e-type=\"widget\" data-widget_type=\"text-editor.default\">\n\t\t\t\t<div class=\"elementor-widget-container\">\n\t\t\t\t\t\t\t\t\t<p>M.C.TRITON p\u0159\u00edmo p\u016fsob\u00ed na \u010desk\u00e9m a slovensk\u00e9m trhu, projektov\u011b pak ve v\u011bt\u0161in\u011b zem\u00ed Evropy. Sv\u00fdm obratem, po\u010dtem spolupracovn\u00edk\u016f, \u0161\u00ed\u0159\u00ed a kvalitou poskytovan\u00fdch slu\u017eeb, intenzitou v\u00fdvoje vlastn\u00edho know-how a etice poradensk\u00fdch slu\u017eeb pat\u0159\u00ed mezi dlouhodob\u011b uzn\u00e1van\u00e9 l\u00eddry lok\u00e1ln\u00edho trhu.<\/p>\n<p class=\"translation-block\">The focal point is the company M.C.TRITON, which provides three types of services:<\/p>\n<ul>\n<li>Advisory for the realization of significant changes.&nbsp;<\/li>\n<li>Company management.&nbsp;<\/li>\n<li>The buying and selling of companies.<\/li>\n<\/ul>\n<p>M.C.TRITON\u2019s operating philosophy is founded on high added value for clients with an emphasis on implementation into practice.<\/p>\n<p>Druh\u00fdm subjektem ve skupin\u011b je <strong>T.Funds<\/strong>. Fond pro sv\u00e9 investory nakupuje do portfolia firmy, aby pak ve spolupr\u00e1ci s M.C.TRITON v\u00fdrazn\u011b zv\u00fd\u0161il jejich tr\u017en\u00ed hodnotu. Investi\u010dn\u00ed politika Fondu stoj\u00ed na t\u0159ech principech.<\/p>\n<ul>\n<li>We only buy companies from fields that we understand.<\/li>\n<li>We only buy companies with potential that is used to improve the way the company is managed.<\/li>\n<li>We entrust the approach to the management of companies to the experienced experts of M.C.TRITON.<\/li>\n<\/ul>\n<div>&nbsp;<\/div>\n<p class=\"translation-block\">The third component of the group is ownership interests. We establish joint ventures. With our share in a company, we capitalize on the effect of how we manage the company for the client. We invest ourselves into the company.<\/p>\n<p>We also open access to ownership interests to our colleagues and business partners, with whom we align in business interests and values.&nbsp;<\/p>\n<p>P\u0159\u00edkladem podnikatelsk\u00e9ho p\u0159\u00edstupu m\u016f\u017ee b\u00fdt diverzifika\u010dn\u00ed strategie spoluvlastn\u00edk\u016f. Do portfolia jejich aktivit pat\u0159ily v letech 1998 -2007 investice do developersk\u00fdch projekt\u016f. Jejich objem pod zna\u010dkou T.Geo&nbsp; se p\u0159ibl\u00ed\u017eil jedn\u00e9 miliard\u011b \u010desk\u00fdch korun.<\/p>\n<p>The current structure of the entire TRITON group represented by TRITON Holding, SE:<\/p>\n<ul>\n<li>M.C.TRITON, spol. s r.o.&nbsp;<\/li>\n<li>M.C.TRITON Slovakia, spol. s r.o.,&nbsp;<\/li>\n<li>TRITON Hunters,&nbsp; spol. s r.o.&nbsp;<\/li>\n<li>T.Funds, spol. s r.o.<\/li>\n<\/ul>\t\t\t\t\t\t\t\t<\/div>\n\t\t\t\t<\/div>\n\t\t\t\t\t<\/div>\n\t\t<\/div>\n\t\t\t\t\t<\/div>\n\t\t<\/section>\n\t\t\t\t<section class=\"has_eae_slider elementor-section elementor-top-section elementor-element elementor-element-82805d9 elementor-section-boxed ang-section-padding-initial elementor-section-height-default elementor-section-height-default elementor-repeater-item-none elementor-repeater-item-none_hover\" data-eae-slider=\"69875\" data-id=\"82805d9\" data-element_type=\"section\" data-e-type=\"section\" data-settings=\"{&quot;background_background&quot;:&quot;classic&quot;}\">\n\t\t\t\t\t\t<div class=\"elementor-container elementor-column-gap-default\">\n\t\t\t\t\t<div class=\"has_eae_slider elementor-column elementor-col-100 elementor-top-column elementor-element elementor-element-ca67df3 elementor-repeater-item-none elementor-repeater-item-none_hover\" data-eae-slider=\"72148\" data-id=\"ca67df3\" data-element_type=\"column\" data-e-type=\"column\">\n\t\t\t<div class=\"elementor-widget-wrap elementor-element-populated\">\n\t\t\t\t\t\t<div class=\"elementor-element elementor-element-2d4720c elementor-repeater-item-none elementor-repeater-item-none_hover elementor-widget elementor-widget-spacer\" data-id=\"2d4720c\" data-element_type=\"widget\" data-e-type=\"widget\" data-widget_type=\"spacer.default\">\n\t\t\t\t<div class=\"elementor-widget-container\">\n\t\t\t\t\t\t\t<div class=\"elementor-spacer\">\n\t\t\t<div class=\"elementor-spacer-inner\"><\/div>\n\t\t<\/div>\n\t\t\t\t\t\t<\/div>\n\t\t\t\t<\/div>\n\t\t\t\t\t<\/div>\n\t\t<\/div>\n\t\t\t\t\t<\/div>\n\t\t<\/section>\n\t\t\t\t<\/div>","protected":false},"excerpt":{"rendered":"<p>Na\u0161\u00ed viz\u00ed je podnikatelsk\u00e1 skupina\u2026 \u2026nejen holding firem, ale i sv\u011bt osobnost\u00ed sd\u00edlen\u00fdch z\u00e1jm\u016f a hodnot.\u00a0 M.C.TRITON p\u0159\u00edmo p\u016fsob\u00ed na \u010desk\u00e9m a slovensk\u00e9m trhu, projektov\u011b pak ve v\u011bt\u0161in\u011b zem\u00ed Evropy. Sv\u00fdm obratem, po\u010dtem spolupracovn\u00edk\u016f, \u0161\u00ed\u0159\u00ed a kvalitou poskytovan\u00fdch slu\u017eeb, intenzitou v\u00fdvoje vlastn\u00edho know-how a etice poradensk\u00fdch slu\u017eeb pat\u0159\u00ed mezi dlouhodob\u011b uzn\u00e1van\u00e9 l\u00eddry lok\u00e1ln\u00edho trhu. T\u011b\u017ei\u0161t\u011bm [&hellip;]<\/p>\n","protected":false},"author":6,"featured_media":0,"parent":0,"menu_order":0,"comment_status":"closed","ping_status":"closed","template":"","meta":{"_acf_changed":false,"episode_type":"","audio_file":"","podmotor_file_id":"","podmotor_episode_id":"","cover_image":"","cover_image_id":"","duration":"","filesize":"","filesize_raw":"","date_recorded":"","explicit":"","block":"","footnotes":""},"class_list":["post-331","page","type-page","status-publish","hentry"],"acf":[],"yoast_head":"<!-- This site is optimized with the Yoast SEO plugin v27.4 - https:\/\/yoast.com\/product\/yoast-seo-wordpress\/ -->\n<title>O Spole\u010dnosti | M.C.TRITON<\/title>\n<meta name=\"description\" content=\"U\u017e v\u00edce ne\u017e 30 let m\u00e1me d\u016fv\u011bru mezin\u00e1rodn\u00edch korporac\u00ed, \u010desk\u00fdch firem i \u00fa\u0159ad\u016f samospr\u00e1vy. Budujeme firmu na siln\u00fdch firemn\u00edch hodnot\u00e1ch\" \/>\n<meta name=\"robots\" content=\"index, follow, max-snippet:-1, max-image-preview:large, max-video-preview:-1\" \/>\n<link rel=\"canonical\" href=\"https:\/\/mc-triton.cz\/en\/nas-pribeh\/\" \/>\n<meta property=\"og:locale\" content=\"en_US\" \/>\n<meta property=\"og:type\" content=\"article\" \/>\n<meta property=\"og:title\" content=\"O Spole\u010dnosti | M.C.TRITON\" \/>\n<meta property=\"og:description\" content=\"U\u017e v\u00edce ne\u017e 30 let m\u00e1me d\u016fv\u011bru mezin\u00e1rodn\u00edch korporac\u00ed, \u010desk\u00fdch firem i \u00fa\u0159ad\u016f samospr\u00e1vy. Budujeme firmu na siln\u00fdch firemn\u00edch hodnot\u00e1ch\" \/>\n<meta property=\"og:url\" content=\"https:\/\/mc-triton.cz\/en\/nas-pribeh\/\" \/>\n<meta property=\"og:site_name\" content=\"M.C.TRITON\" \/>\n<meta property=\"article:publisher\" content=\"https:\/\/www.facebook.com\/M.C.TRITON\/\" \/>\n<meta property=\"article:modified_time\" content=\"2024-11-27T10:11:12+00:00\" \/>\n<meta property=\"og:image\" content=\"https:\/\/mc-triton.cz\/wp-content\/uploads\/2023\/10\/og-triton.jpg\" \/>\n\t<meta property=\"og:image:width\" content=\"1200\" \/>\n\t<meta property=\"og:image:height\" content=\"630\" \/>\n\t<meta property=\"og:image:type\" content=\"image\/jpeg\" \/>\n<meta name=\"twitter:card\" content=\"summary_large_image\" \/>\n<meta name=\"twitter:label1\" content=\"Est. reading time\" \/>\n\t<meta name=\"twitter:data1\" content=\"2 minutes\" \/>\n<script type=\"application\/ld+json\" class=\"yoast-schema-graph\">{\"@context\":\"https:\\\/\\\/schema.org\",\"@graph\":[{\"@type\":\"WebPage\",\"@id\":\"https:\\\/\\\/mc-triton.cz\\\/nas-pribeh\\\/\",\"url\":\"https:\\\/\\\/mc-triton.cz\\\/nas-pribeh\\\/\",\"name\":\"O Spole\u010dnosti | M.C.TRITON\",\"isPartOf\":{\"@id\":\"https:\\\/\\\/mc-triton.cz\\\/#website\"},\"datePublished\":\"2019-08-03T17:14:02+00:00\",\"dateModified\":\"2024-11-27T10:11:12+00:00\",\"description\":\"U\u017e v\u00edce ne\u017e 30 let m\u00e1me d\u016fv\u011bru mezin\u00e1rodn\u00edch korporac\u00ed, \u010desk\u00fdch firem i \u00fa\u0159ad\u016f samospr\u00e1vy. Budujeme firmu na siln\u00fdch firemn\u00edch hodnot\u00e1ch\",\"breadcrumb\":{\"@id\":\"https:\\\/\\\/mc-triton.cz\\\/nas-pribeh\\\/#breadcrumb\"},\"inLanguage\":\"en-US\",\"potentialAction\":[{\"@type\":\"ReadAction\",\"target\":[\"https:\\\/\\\/mc-triton.cz\\\/nas-pribeh\\\/\"]}]},{\"@type\":\"BreadcrumbList\",\"@id\":\"https:\\\/\\\/mc-triton.cz\\\/nas-pribeh\\\/#breadcrumb\",\"itemListElement\":[{\"@type\":\"ListItem\",\"position\":1,\"name\":\"Dom\u016f\",\"item\":\"https:\\\/\\\/mc-triton.cz\\\/\"},{\"@type\":\"ListItem\",\"position\":2,\"name\":\"O Spole\u010dnosti\"}]},{\"@type\":\"WebSite\",\"@id\":\"https:\\\/\\\/mc-triton.cz\\\/#website\",\"url\":\"https:\\\/\\\/mc-triton.cz\\\/\",\"name\":\"M.C.TRITON\",\"description\":\"\u0158\u00edd\u00edme nebo pom\u00e1h\u00e1me s \u0159\u00edzen\u00edm firem a \u00fa\u0159ad\u016f ve ve\u0159ejn\u00e9m sektoru\",\"publisher\":{\"@id\":\"https:\\\/\\\/mc-triton.cz\\\/#organization\"},\"potentialAction\":[{\"@type\":\"SearchAction\",\"target\":{\"@type\":\"EntryPoint\",\"urlTemplate\":\"https:\\\/\\\/mc-triton.cz\\\/?s={search_term_string}\"},\"query-input\":{\"@type\":\"PropertyValueSpecification\",\"valueRequired\":true,\"valueName\":\"search_term_string\"}}],\"inLanguage\":\"en-US\"},{\"@type\":\"Organization\",\"@id\":\"https:\\\/\\\/mc-triton.cz\\\/#organization\",\"name\":\"M.C.TRITON\",\"url\":\"https:\\\/\\\/mc-triton.cz\\\/\",\"logo\":{\"@type\":\"ImageObject\",\"inLanguage\":\"en-US\",\"@id\":\"https:\\\/\\\/mc-triton.cz\\\/#\\\/schema\\\/logo\\\/image\\\/\",\"url\":\"https:\\\/\\\/mc-triton.cz\\\/wp-content\\\/uploads\\\/2019\\\/04\\\/modre_XL.png\",\"contentUrl\":\"https:\\\/\\\/mc-triton.cz\\\/wp-content\\\/uploads\\\/2019\\\/04\\\/modre_XL.png\",\"width\":924,\"height\":479,\"caption\":\"M.C.TRITON\"},\"image\":{\"@id\":\"https:\\\/\\\/mc-triton.cz\\\/#\\\/schema\\\/logo\\\/image\\\/\"},\"sameAs\":[\"https:\\\/\\\/www.facebook.com\\\/M.C.TRITON\\\/\",\"https:\\\/\\\/www.linkedin.com\\\/company\\\/m-c-triton\\\/\"]}]}<\/script>\n<!-- \/ Yoast SEO plugin. -->","yoast_head_json":{"title":"O Spole\u010dnosti | M.C.TRITON","description":"U\u017e v\u00edce ne\u017e 30 let m\u00e1me d\u016fv\u011bru mezin\u00e1rodn\u00edch korporac\u00ed, \u010desk\u00fdch firem i \u00fa\u0159ad\u016f samospr\u00e1vy. Budujeme firmu na siln\u00fdch firemn\u00edch hodnot\u00e1ch","robots":{"index":"index","follow":"follow","max-snippet":"max-snippet:-1","max-image-preview":"max-image-preview:large","max-video-preview":"max-video-preview:-1"},"canonical":"https:\/\/mc-triton.cz\/en\/nas-pribeh\/","og_locale":"en_US","og_type":"article","og_title":"O Spole\u010dnosti | M.C.TRITON","og_description":"U\u017e v\u00edce ne\u017e 30 let m\u00e1me d\u016fv\u011bru mezin\u00e1rodn\u00edch korporac\u00ed, \u010desk\u00fdch firem i \u00fa\u0159ad\u016f samospr\u00e1vy. Budujeme firmu na siln\u00fdch firemn\u00edch hodnot\u00e1ch","og_url":"https:\/\/mc-triton.cz\/en\/nas-pribeh\/","og_site_name":"M.C.TRITON","article_publisher":"https:\/\/www.facebook.com\/M.C.TRITON\/","article_modified_time":"2024-11-27T10:11:12+00:00","og_image":[{"width":1200,"height":630,"url":"https:\/\/mc-triton.cz\/wp-content\/uploads\/2023\/10\/og-triton.jpg","type":"image\/jpeg"}],"twitter_card":"summary_large_image","twitter_misc":{"Est. reading time":"2 minutes"},"schema":{"@context":"https:\/\/schema.org","@graph":[{"@type":"WebPage","@id":"https:\/\/mc-triton.cz\/nas-pribeh\/","url":"https:\/\/mc-triton.cz\/nas-pribeh\/","name":"O Spole\u010dnosti | M.C.TRITON","isPartOf":{"@id":"https:\/\/mc-triton.cz\/#website"},"datePublished":"2019-08-03T17:14:02+00:00","dateModified":"2024-11-27T10:11:12+00:00","description":"U\u017e v\u00edce ne\u017e 30 let m\u00e1me d\u016fv\u011bru mezin\u00e1rodn\u00edch korporac\u00ed, \u010desk\u00fdch firem i \u00fa\u0159ad\u016f samospr\u00e1vy. Budujeme firmu na siln\u00fdch firemn\u00edch hodnot\u00e1ch","breadcrumb":{"@id":"https:\/\/mc-triton.cz\/nas-pribeh\/#breadcrumb"},"inLanguage":"en-US","potentialAction":[{"@type":"ReadAction","target":["https:\/\/mc-triton.cz\/nas-pribeh\/"]}]},{"@type":"BreadcrumbList","@id":"https:\/\/mc-triton.cz\/nas-pribeh\/#breadcrumb","itemListElement":[{"@type":"ListItem","position":1,"name":"Dom\u016f","item":"https:\/\/mc-triton.cz\/"},{"@type":"ListItem","position":2,"name":"O Spole\u010dnosti"}]},{"@type":"WebSite","@id":"https:\/\/mc-triton.cz\/#website","url":"https:\/\/mc-triton.cz\/","name":"M.C.TRITON","description":"Executive Management &amp; Management Consultancy for Commercial and Public sectors","publisher":{"@id":"https:\/\/mc-triton.cz\/#organization"},"potentialAction":[{"@type":"SearchAction","target":{"@type":"EntryPoint","urlTemplate":"https:\/\/mc-triton.cz\/?s={search_term_string}"},"query-input":{"@type":"PropertyValueSpecification","valueRequired":true,"valueName":"search_term_string"}}],"inLanguage":"en-US"},{"@type":"Organization","@id":"https:\/\/mc-triton.cz\/#organization","name":"M.C.TRITON","url":"https:\/\/mc-triton.cz\/","logo":{"@type":"ImageObject","inLanguage":"en-US","@id":"https:\/\/mc-triton.cz\/#\/schema\/logo\/image\/","url":"https:\/\/mc-triton.cz\/wp-content\/uploads\/2019\/04\/modre_XL.png","contentUrl":"https:\/\/mc-triton.cz\/wp-content\/uploads\/2019\/04\/modre_XL.png","width":924,"height":479,"caption":"M.C.TRITON"},"image":{"@id":"https:\/\/mc-triton.cz\/#\/schema\/logo\/image\/"},"sameAs":["https:\/\/www.facebook.com\/M.C.TRITON\/","https:\/\/www.linkedin.com\/company\/m-c-triton\/"]}]}},"_links":{"self":[{"href":"https:\/\/mc-triton.cz\/en\/wp-json\/wp\/v2\/pages\/331","targetHints":{"allow":["GET"]}}],"collection":[{"href":"https:\/\/mc-triton.cz\/en\/wp-json\/wp\/v2\/pages"}],"about":[{"href":"https:\/\/mc-triton.cz\/en\/wp-json\/wp\/v2\/types\/page"}],"author":[{"embeddable":true,"href":"https:\/\/mc-triton.cz\/en\/wp-json\/wp\/v2\/users\/6"}],"replies":[{"embeddable":true,"href":"https:\/\/mc-triton.cz\/en\/wp-json\/wp\/v2\/comments?post=331"}],"version-history":[{"count":9,"href":"https:\/\/mc-triton.cz\/en\/wp-json\/wp\/v2\/pages\/331\/revisions"}],"predecessor-version":[{"id":5134,"href":"https:\/\/mc-triton.cz\/en\/wp-json\/wp\/v2\/pages\/331\/revisions\/5134"}],"wp:attachment":[{"href":"https:\/\/mc-triton.cz\/en\/wp-json\/wp\/v2\/media?parent=331"}],"curies":[{"name":"wp","href":"https:\/\/api.w.org\/{rel}","templated":true}]}}